{"id":44,"date":"2025-12-08T19:11:05","date_gmt":"2025-12-08T19:11:05","guid":{"rendered":"https:\/\/aquamiga.com\/?page_id=44"},"modified":"2026-05-10T16:14:18","modified_gmt":"2026-05-10T16:14:18","slug":"about","status":"publish","type":"page","link":"https:\/\/aquamiga.com\/ca\/about\/","title":{"rendered":"Sobre Aquamiga"},"content":{"rendered":"<section  class=\"wp-block-image-banner-block\">\n  <div class=\"min-h-custom-screen relative flex w-full items-center justify-center\">\n    <div class=\"absolute inset-0\">\n              <img loading=\"lazy\" decoding=\"async\" width=\"2560\" height=\"1707\" src=\"https:\/\/aquamiga.com\/app\/uploads\/2025\/12\/proposta-casa-scaled.webp\" class=\"w-full h-full object-cover\" alt=\"\" srcset=\"https:\/\/aquamiga.com\/app\/uploads\/2025\/12\/proposta-casa-scaled.webp 2560w, https:\/\/aquamiga.com\/app\/uploads\/2025\/12\/proposta-casa-300x200.webp 300w, https:\/\/aquamiga.com\/app\/uploads\/2025\/12\/proposta-casa-1024x683.webp 1024w, https:\/\/aquamiga.com\/app\/uploads\/2025\/12\/proposta-casa-768x512.webp 768w, https:\/\/aquamiga.com\/app\/uploads\/2025\/12\/proposta-casa-1536x1024.webp 1536w, https:\/\/aquamiga.com\/app\/uploads\/2025\/12\/proposta-casa-2048x1366.webp 2048w\" sizes=\"auto, (max-width: 2560px) 100vw, 2560px\" \/>\n            <div class=\"absolute inset-0 bg-black\/50\"><\/div>\n    <\/div>\n    <div class=\"container-fluid relative flex flex-col items-center gap-10 text-center text-white md:gap-6\">\n      <div class=\"max-w-161 flex flex-col items-center gap-6\">\n        <h1 class=\"text-2xl font-medium sm:text-3xl md:text-4xl lg:text-5xl xl:text-6xl\">Sobre Aquamiga<\/h1>\n                  <p class=\"text-xl md:text-2xl\">A Aquamiga compartim un prop\u00f2sit clar: volem un m\u00f3n millor. Per a les nostres fam\u00edlies, per a les persones que estimem i per a tu. Creiem que beure aigua de qualitat, estalviar i cuidar el planeta poden anar de la m\u00e0. Per aix\u00f2 treballem cada dia per fer-ho f\u00e0cil, c\u00f2mode i accessible per a tothom.<\/p>\n              <\/div>\n              <div class=\"flex items-center gap-4 max-md:flex-col md:gap-6\">\n                      <a href=\"https:\/\/aquamiga.com\/solucions\/\" target=\"_self\" class=\"text-blue-900 hover:text-gray-50 focus:text-gray-50 btn-gradient-border-green transition-all px-4 py-2.5 rounded-full flex items-center justify-center font-medium leading-none text-base\">\n  Troba la millor soluci\u00f3 per a tu\n<\/a>\n                            <\/div>\n          <\/div>\n  <\/div>\n<\/section>\n\n\n<section class=\"container-fluid grid-standard gap-y-6 py-6 sm:py-12 md:py-16 lg:py-20\">\n  <div class=\" col-span-full flex flex-col md:col-span-7 lg:col-span-8\">\n    <div class=\"max-w-161 flex flex-col gap-6 max-md:items-center max-md:text-center\">\n              <h2 class=\"text-2xl font-medium sm:text-3xl md:text-4xl\">La nostra visi\u00f3<\/h2>\n                    <p class=\"text-lg md:text-xl\">Imaginem un futur on tenir cura del nostre entorn sigui tan natural com obrir l\u2019aixeta. Sabem que, com m\u00e9s el respectem, m\u00e9s ens ho retorna: salut, benestar, sostenibilitat. Amb Aquamiga volem contribuir a un canvi profund en la manera de consumir aigua, a casa, a l&#8217;empresa i a l\u2019oficina.<\/p>\n          <\/div>\n  <\/div>\n      <div class=\" col-span-full aspect-square md:col-span-5 lg:col-span-4\">\n      <img loading=\"lazy\" decoding=\"async\" width=\"1418\" height=\"1620\" src=\"https:\/\/aquamiga.com\/app\/uploads\/2025\/12\/osmosis-inversa.webp\" class=\"w-full h-full object-cover rounded-3xl\" alt=\"\" srcset=\"https:\/\/aquamiga.com\/app\/uploads\/2025\/12\/osmosis-inversa.webp 1418w, https:\/\/aquamiga.com\/app\/uploads\/2025\/12\/osmosis-inversa-263x300.webp 263w, https:\/\/aquamiga.com\/app\/uploads\/2025\/12\/osmosis-inversa-896x1024.webp 896w, https:\/\/aquamiga.com\/app\/uploads\/2025\/12\/osmosis-inversa-768x877.webp 768w, https:\/\/aquamiga.com\/app\/uploads\/2025\/12\/osmosis-inversa-1344x1536.webp 1344w\" sizes=\"auto, (max-width: 1418px) 100vw, 1418px\" \/>\n    <\/div>\n  <\/section>\n\n\n<section class=\"container-fluid grid-standard gap-y-6 py-6 sm:py-12 md:py-16 lg:py-20\">\n  <div class=\" md:order-last md:items-end  col-span-full flex flex-col md:col-span-7 lg:col-span-8\">\n    <div class=\"max-w-161 flex flex-col gap-6 max-md:items-center max-md:text-center\">\n              <h2 class=\"text-2xl font-medium sm:text-3xl md:text-4xl\">La nostra missi\u00f3<\/h2>\n                    <p class=\"text-lg md:text-xl\">Canviar la manera com bevem aigua i reduir el pl\u00e0stic d\u2019un sol \u00fas. Tan simple com aix\u00f2. T\u2019oferim una soluci\u00f3 pr\u00e0ctica per tenir aigua de gran qualitat a l\u2019abast de tothom, sense carregar garrafes, sense generar residus i sense complicacions. Aigua sense l\u00edmits, sense pl\u00e0stics i sense impacte negatiu.<\/p>\n          <\/div>\n  <\/div>\n      <div class=\" md:order-first  col-span-full aspect-square md:col-span-5 lg:col-span-4\">\n      <img loading=\"lazy\" decoding=\"async\" width=\"1254\" height=\"1254\" src=\"https:\/\/aquamiga.com\/app\/uploads\/2026\/04\/Visio_1.webp\" class=\"w-full h-full object-cover rounded-3xl\" alt=\"\" srcset=\"https:\/\/aquamiga.com\/app\/uploads\/2026\/04\/Visio_1.webp 1254w, https:\/\/aquamiga.com\/app\/uploads\/2026\/04\/Visio_1-300x300.webp 300w, https:\/\/aquamiga.com\/app\/uploads\/2026\/04\/Visio_1-1024x1024.webp 1024w, https:\/\/aquamiga.com\/app\/uploads\/2026\/04\/Visio_1-150x150.webp 150w, https:\/\/aquamiga.com\/app\/uploads\/2026\/04\/Visio_1-768x768.webp 768w\" sizes=\"auto, (max-width: 1254px) 100vw, 1254px\" \/>\n    <\/div>\n  <\/section>\n\n\n<section class=\"container-fluid flex flex-col items-center gap-8 py-6 text-center sm:py-12 md:gap-10 md:py-16\">\n      <h3 class=\"text-2xl font-medium md:text-3xl\">Els nostres valors<\/h3>\n  \n      <div class=\"-mx-2 flex w-full flex-wrap justify-center gap-y-12 lg:-mx-4\">\n              <div class=\"flex w-1\/2 flex-col items-center gap-4 px-2 md:w-1\/4 md:gap-3 lg:px-4\">\n                      <img decoding=\"async\" src=\"https:\/\/aquamiga.com\/app\/uploads\/2025\/12\/falta-aigua.svg\" class=\"size-20\" alt=\"\" \/>\n                    <div class=\"flex flex-col gap-1\">\n                          <p class=\"text-lg font-medium md:text-xl\">Qualitat<\/p>\n                                      <p class=\"text-base md:text-lg\">Els nostres sistemes compleixen amb la certificaci\u00f3 UNE 149101. El resultat? Aigua de qualitat, il\u00b7limitada i segura per cada moment del dia.<\/p>\n                      <\/div>\n        <\/div>\n              <div class=\"flex w-1\/2 flex-col items-center gap-4 px-2 md:w-1\/4 md:gap-3 lg:px-4\">\n                      <img decoding=\"async\" src=\"https:\/\/aquamiga.com\/app\/uploads\/2025\/12\/sostenibilitat.svg\" class=\"size-20\" alt=\"\" \/>\n                    <div class=\"flex flex-col gap-1\">\n                          <p class=\"text-lg font-medium md:text-xl\">Sostenibilitat<\/p>\n                                      <p class=\"text-base md:text-lg\">Redu\u00efm els pl\u00e0stics, minimitzem l\u2019impacte ambiental i promovem h\u00e0bits m\u00e9s responsables.<\/p>\n                      <\/div>\n        <\/div>\n              <div class=\"flex w-1\/2 flex-col items-center gap-4 px-2 md:w-1\/4 md:gap-3 lg:px-4\">\n                      <img decoding=\"async\" src=\"https:\/\/aquamiga.com\/app\/uploads\/2025\/12\/accessibilitat.svg\" class=\"size-20\" alt=\"\" \/>\n                    <div class=\"flex flex-col gap-1\">\n                          <p class=\"text-lg font-medium md:text-xl\">Accessibilitat<\/p>\n                                      <p class=\"text-base md:text-lg\">Tothom hauria de tenir acc\u00e9s a aigua saludable i segura. Per aix\u00f2 oferim opcions de compra i lloguer.<\/p>\n                      <\/div>\n        <\/div>\n              <div class=\"flex w-1\/2 flex-col items-center gap-4 px-2 md:w-1\/4 md:gap-3 lg:px-4\">\n                      <img decoding=\"async\" src=\"https:\/\/aquamiga.com\/app\/uploads\/2025\/12\/compromis-social.svg\" class=\"size-20\" alt=\"\" \/>\n                    <div class=\"flex flex-col gap-1\">\n                          <p class=\"text-lg font-medium md:text-xl\">Comprom\u00eds social<\/p>\n                                      <p class=\"text-base md:text-lg\">Promovem un consum conscient i t\u2019acompanyem perqu\u00e8 el canvi sigui f\u00e0cil, real i sostingut en el temps.<\/p>\n                      <\/div>\n        <\/div>\n          <\/div>\n  <\/section>\n\n\n<section class=\" md:min-h-145  grid-standard 3xl:container-fluid my-10\">\n      <div\n      class=\" order-last rounded-l-3xl md:rounded-l-[40px] max-md:ml-4 items-end  bg-white 3xl:rounded-[40px] 3xl:p-20  justify-center  col-span-full flex flex-col gap-4 px-4 py-12 md:col-span-6 md:p-12 lg:p-16\">\n                        <h2 class=\"w-full text-2xl font-medium md:text-3xl lg:text-4xl\">Per qu\u00e8 Aquamiga?<\/h2>\n                            <div class=\"w-full text-lg md:text-xl\"><p>Perqu\u00e8 el nostre projecte neix de l\u2019amistat i del desig de deixar un llegat millor. Som un equip que vol fer les coses b\u00e9: amb responsabilitat, amb proximitat i amb sentit com\u00fa. I sabem que petits gestos poden tenir un gran impacte.<\/p>\n<\/div>\n          <\/div>\n        <div class=\" order-first rounded-r-3xl md:rounded-r-[40px] max-md:mr-4  max-md:aspect-11\/9 3xl:rounded-[40px] relative col-span-full md:col-span-6\">\n      <img loading=\"lazy\" decoding=\"async\" width=\"1254\" height=\"1254\" src=\"https:\/\/aquamiga.com\/app\/uploads\/2026\/04\/Llegat_1.webp\" class=\"object-cover md:absolute w-full h-full 3xl:rounded-[40px] rounded-r-3xl md:rounded-r-[40px]\" alt=\"\" srcset=\"https:\/\/aquamiga.com\/app\/uploads\/2026\/04\/Llegat_1.webp 1254w, https:\/\/aquamiga.com\/app\/uploads\/2026\/04\/Llegat_1-300x300.webp 300w, https:\/\/aquamiga.com\/app\/uploads\/2026\/04\/Llegat_1-1024x1024.webp 1024w, https:\/\/aquamiga.com\/app\/uploads\/2026\/04\/Llegat_1-150x150.webp 150w, https:\/\/aquamiga.com\/app\/uploads\/2026\/04\/Llegat_1-768x768.webp 768w\" sizes=\"auto, (max-width: 1254px) 100vw, 1254px\" \/>\n    <\/div>\n  <\/section>\n\n\n<section class=\"container-fluid py-10 md:py-6\">\n  <div class=\"shadow-card-fosc flex flex-col items-center rounded-3xl bg-white px-4 py-12 text-center sm:py-16 md:gap-6 md:rounded-[40px] md:px-8 md:py-24 lg:py-28\">\n    <div class=\"flex flex-col items-center gap-10\">\n      <div class=\"flex max-w-lg flex-col items-center justify-center gap-6\">\n                  <h2 class=\"text-2xl font-medium sm:text-3xl md:text-4xl\">Uneix-te al canvi<\/h2>\n                          <p class=\"text-lg md:text-xl\">Beure aigua de qualitat i cuidar el planeta no s\u00f3n dues opcions separades. Amb Aquamiga, pots fer les dues coses alhora.<br \/>\r\nT\u2019hi apuntes?<\/p>\n              <\/div>\n      <div class=\"flex items-center gap-6 max-md:flex-col\">\n                          <div class=\"max-md:order-first\">\n            <a href=\"https:\/\/aquamiga.com\/ca\/contacte\/\" target=\"\" class=\"text-white btn-gradient-border-blue transition-all px-4 py-2.5 rounded-full flex items-center justify-center font-medium leading-none text-base\">\n  Descobreix com\n<\/a>\n          <\/div>\n              <\/div>\n    <\/div>\n  <\/div>\n<\/section>\n","protected":false},"excerpt":{"rendered":"","protected":false},"author":1,"featured_media":0,"parent":0,"menu_order":0,"comment_status":"closed","ping_status":"closed","template":"","meta":{"_acf_changed":false,"footnotes":""},"class_list":["post-44","page","type-page","status-publish","hentry"],"acf":[],"yoast_head":"<!-- This site is optimized with the Yoast SEO plugin v27.6 - https:\/\/yoast.com\/product\/yoast-seo-wordpress\/ -->\n<title>Sobre Aquamiga | Aquamiga<\/title>\n<meta name=\"robots\" content=\"index, follow, max-snippet:-1, max-image-preview:large, max-video-preview:-1\" \/>\n<link rel=\"canonical\" href=\"https:\/\/aquamiga.com\/ca\/about\/\" \/>\n<meta property=\"og:locale\" content=\"ca_ES\" \/>\n<meta property=\"og:type\" content=\"article\" \/>\n<meta property=\"og:title\" content=\"Sobre Aquamiga | Aquamiga\" \/>\n<meta property=\"og:url\" content=\"https:\/\/aquamiga.com\/ca\/about\/\" \/>\n<meta property=\"og:site_name\" content=\"Aquamiga\" \/>\n<meta property=\"article:modified_time\" content=\"2026-05-10T16:14:18+00:00\" \/>\n<meta name=\"twitter:card\" content=\"summary_large_image\" \/>\n<meta name=\"twitter:label1\" content=\"Temps estimat de lectura\" \/>\n\t<meta name=\"twitter:data1\" content=\"4 minuts\" \/>\n<script type=\"application\/ld+json\" class=\"yoast-schema-graph\">{\"@context\":\"https:\\\/\\\/schema.org\",\"@graph\":[{\"@type\":\"WebPage\",\"@id\":\"https:\\\/\\\/aquamiga.com\\\/ca\\\/about\\\/\",\"url\":\"https:\\\/\\\/aquamiga.com\\\/ca\\\/about\\\/\",\"name\":\"Sobre Aquamiga | Aquamiga\",\"isPartOf\":{\"@id\":\"https:\\\/\\\/aquamiga.com\\\/ca\\\/#website\"},\"datePublished\":\"2025-12-08T19:11:05+00:00\",\"dateModified\":\"2026-05-10T16:14:18+00:00\",\"breadcrumb\":{\"@id\":\"https:\\\/\\\/aquamiga.com\\\/ca\\\/about\\\/#breadcrumb\"},\"inLanguage\":\"ca\",\"potentialAction\":[{\"@type\":\"ReadAction\",\"target\":[\"https:\\\/\\\/aquamiga.com\\\/ca\\\/about\\\/\"]}]},{\"@type\":\"BreadcrumbList\",\"@id\":\"https:\\\/\\\/aquamiga.com\\\/ca\\\/about\\\/#breadcrumb\",\"itemListElement\":[{\"@type\":\"ListItem\",\"position\":1,\"name\":\"Inici\",\"item\":\"https:\\\/\\\/aquamiga.com\\\/ca\\\/\"},{\"@type\":\"ListItem\",\"position\":2,\"name\":\"Sobre Aquamiga\"}]},{\"@type\":\"WebSite\",\"@id\":\"https:\\\/\\\/aquamiga.com\\\/ca\\\/#website\",\"url\":\"https:\\\/\\\/aquamiga.com\\\/ca\\\/\",\"name\":\"Aquamiga\",\"description\":\"Sistema dom\u00e8stic d&#039;osmosi inversa i f\u00e0cil instal\u00b7laci\u00f3\",\"publisher\":{\"@id\":\"https:\\\/\\\/aquamiga.com\\\/ca\\\/#organization\"},\"potentialAction\":[{\"@type\":\"SearchAction\",\"target\":{\"@type\":\"EntryPoint\",\"urlTemplate\":\"https:\\\/\\\/aquamiga.com\\\/ca\\\/?s={search_term_string}\"},\"query-input\":{\"@type\":\"PropertyValueSpecification\",\"valueRequired\":true,\"valueName\":\"search_term_string\"}}],\"inLanguage\":\"ca\"},{\"@type\":\"Organization\",\"@id\":\"https:\\\/\\\/aquamiga.com\\\/ca\\\/#organization\",\"name\":\"Aquamiga\",\"url\":\"https:\\\/\\\/aquamiga.com\\\/ca\\\/\",\"logo\":{\"@type\":\"ImageObject\",\"inLanguage\":\"ca\",\"@id\":\"https:\\\/\\\/aquamiga.com\\\/ca\\\/#\\\/schema\\\/logo\\\/image\\\/\",\"url\":\"https:\\\/\\\/aquamiga.com\\\/app\\\/uploads\\\/2025\\\/12\\\/logo.svg\",\"contentUrl\":\"https:\\\/\\\/aquamiga.com\\\/app\\\/uploads\\\/2025\\\/12\\\/logo.svg\",\"width\":1,\"height\":1,\"caption\":\"Aquamiga\"},\"image\":{\"@id\":\"https:\\\/\\\/aquamiga.com\\\/ca\\\/#\\\/schema\\\/logo\\\/image\\\/\"}}]}<\/script>\n<!-- \/ Yoast SEO plugin. -->","yoast_head_json":{"title":"Sobre Aquamiga | Aquamiga","robots":{"index":"index","follow":"follow","max-snippet":"max-snippet:-1","max-image-preview":"max-image-preview:large","max-video-preview":"max-video-preview:-1"},"canonical":"https:\/\/aquamiga.com\/ca\/about\/","og_locale":"ca_ES","og_type":"article","og_title":"Sobre Aquamiga | Aquamiga","og_url":"https:\/\/aquamiga.com\/ca\/about\/","og_site_name":"Aquamiga","article_modified_time":"2026-05-10T16:14:18+00:00","twitter_card":"summary_large_image","twitter_misc":{"Temps estimat de lectura":"4 minuts"},"schema":{"@context":"https:\/\/schema.org","@graph":[{"@type":"WebPage","@id":"https:\/\/aquamiga.com\/ca\/about\/","url":"https:\/\/aquamiga.com\/ca\/about\/","name":"Sobre Aquamiga | Aquamiga","isPartOf":{"@id":"https:\/\/aquamiga.com\/ca\/#website"},"datePublished":"2025-12-08T19:11:05+00:00","dateModified":"2026-05-10T16:14:18+00:00","breadcrumb":{"@id":"https:\/\/aquamiga.com\/ca\/about\/#breadcrumb"},"inLanguage":"ca","potentialAction":[{"@type":"ReadAction","target":["https:\/\/aquamiga.com\/ca\/about\/"]}]},{"@type":"BreadcrumbList","@id":"https:\/\/aquamiga.com\/ca\/about\/#breadcrumb","itemListElement":[{"@type":"ListItem","position":1,"name":"Inici","item":"https:\/\/aquamiga.com\/ca\/"},{"@type":"ListItem","position":2,"name":"Sobre Aquamiga"}]},{"@type":"WebSite","@id":"https:\/\/aquamiga.com\/ca\/#website","url":"https:\/\/aquamiga.com\/ca\/","name":"Aquamiga","description":"Sistema dom\u00e8stic d&#039;osmosi inversa i f\u00e0cil instal\u00b7laci\u00f3","publisher":{"@id":"https:\/\/aquamiga.com\/ca\/#organization"},"potentialAction":[{"@type":"SearchAction","target":{"@type":"EntryPoint","urlTemplate":"https:\/\/aquamiga.com\/ca\/?s={search_term_string}"},"query-input":{"@type":"PropertyValueSpecification","valueRequired":true,"valueName":"search_term_string"}}],"inLanguage":"ca"},{"@type":"Organization","@id":"https:\/\/aquamiga.com\/ca\/#organization","name":"Aquamiga","url":"https:\/\/aquamiga.com\/ca\/","logo":{"@type":"ImageObject","inLanguage":"ca","@id":"https:\/\/aquamiga.com\/ca\/#\/schema\/logo\/image\/","url":"https:\/\/aquamiga.com\/app\/uploads\/2025\/12\/logo.svg","contentUrl":"https:\/\/aquamiga.com\/app\/uploads\/2025\/12\/logo.svg","width":1,"height":1,"caption":"Aquamiga"},"image":{"@id":"https:\/\/aquamiga.com\/ca\/#\/schema\/logo\/image\/"}}]}},"_links":{"self":[{"href":"https:\/\/aquamiga.com\/ca\/wp-json\/wp\/v2\/pages\/44","targetHints":{"allow":["GET"]}}],"collection":[{"href":"https:\/\/aquamiga.com\/ca\/wp-json\/wp\/v2\/pages"}],"about":[{"href":"https:\/\/aquamiga.com\/ca\/wp-json\/wp\/v2\/types\/page"}],"author":[{"embeddable":true,"href":"https:\/\/aquamiga.com\/ca\/wp-json\/wp\/v2\/users\/1"}],"replies":[{"embeddable":true,"href":"https:\/\/aquamiga.com\/ca\/wp-json\/wp\/v2\/comments?post=44"}],"version-history":[{"count":6,"href":"https:\/\/aquamiga.com\/ca\/wp-json\/wp\/v2\/pages\/44\/revisions"}],"predecessor-version":[{"id":1272,"href":"https:\/\/aquamiga.com\/ca\/wp-json\/wp\/v2\/pages\/44\/revisions\/1272"}],"wp:attachment":[{"href":"https:\/\/aquamiga.com\/ca\/wp-json\/wp\/v2\/media?parent=44"}],"curies":[{"name":"wp","href":"https:\/\/api.w.org\/{rel}","templated":true}]}}