{"id":615,"date":"2025-12-08T19:11:05","date_gmt":"2025-12-08T19:11:05","guid":{"rendered":"https:\/\/aquamiga.com\/sobre-aquamiga\/"},"modified":"2026-04-28T13:03:45","modified_gmt":"2026-04-28T13:03:45","slug":"sobre-aquamiga","status":"publish","type":"page","link":"https:\/\/aquamiga.com\/es\/sobre-aquamiga\/","title":{"rendered":"Sobre Aquamiga"},"content":{"rendered":"<section  class=\"wp-block-image-banner-block\">\n  <div class=\"min-h-custom-screen relative flex w-full items-center justify-center\">\n    <div class=\"absolute inset-0\">\n              <img loading=\"lazy\" decoding=\"async\" width=\"2560\" height=\"1707\" src=\"https:\/\/aquamiga.com\/app\/uploads\/2025\/12\/proposta-casa-scaled.webp\" class=\"w-full h-full object-cover\" alt=\"\" srcset=\"https:\/\/aquamiga.com\/app\/uploads\/2025\/12\/proposta-casa-scaled.webp 2560w, https:\/\/aquamiga.com\/app\/uploads\/2025\/12\/proposta-casa-300x200.webp 300w, https:\/\/aquamiga.com\/app\/uploads\/2025\/12\/proposta-casa-1024x683.webp 1024w, https:\/\/aquamiga.com\/app\/uploads\/2025\/12\/proposta-casa-768x512.webp 768w, https:\/\/aquamiga.com\/app\/uploads\/2025\/12\/proposta-casa-1536x1024.webp 1536w, https:\/\/aquamiga.com\/app\/uploads\/2025\/12\/proposta-casa-2048x1366.webp 2048w\" sizes=\"auto, (max-width: 2560px) 100vw, 2560px\" \/>\n            <div class=\"absolute inset-0 bg-black\/50\"><\/div>\n    <\/div>\n    <div class=\"container-fluid relative flex flex-col items-center gap-10 text-center text-white md:gap-6\">\n      <div class=\"max-w-161 flex flex-col items-center gap-6\">\n        <h1 class=\"text-2xl font-medium sm:text-3xl md:text-4xl lg:text-5xl xl:text-6xl\">Sobre Aquamiga<\/h1>\n                  <p class=\"text-xl md:text-2xl\">En Aquamiga compartimos un prop\u00f3sito claro: queremos un mundo mejor. Para nuestras familias, para las personas que amamos y para ti. Creemos que beber agua de calidad, ahorrar y cuidar el planeta pueden ir de la mano. Por eso trabajamos cada d\u00eda para hacerlo f\u00e1cil, c\u00f3modo y accesible para todos.<\/p>\n              <\/div>\n              <div class=\"flex items-center gap-4 max-md:flex-col md:gap-6\">\n                      <a href=\"https:\/\/aquamiga.com\/solucions\/\" target=\"_self\" class=\"text-blue-900 hover:text-gray-50 focus:text-gray-50 btn-gradient-border-green transition-all px-4 py-2.5 rounded-full flex items-center justify-center font-medium leading-none text-base\">\n  Encuentra la mejor soluci\u00f3n para ti\n<\/a>\n                            <\/div>\n          <\/div>\n  <\/div>\n<\/section>\n<section class=\"container-fluid grid-standard gap-y-6 py-6 sm:py-12 md:py-16 lg:py-20\">\n  <div class=\" col-span-full flex flex-col md:col-span-7 lg:col-span-8\">\n    <div class=\"max-w-161 flex flex-col gap-6 max-md:items-center max-md:text-center\">\n              <h2 class=\"text-2xl font-medium sm:text-3xl md:text-4xl\">Nuestra visi\u00f3n<\/h2>\n                    <p class=\"text-lg md:text-xl\">Imaginamos un futuro donde cuidar nuestro entorno sea tan natural como abrir el grifo. Sabemos que, cuanto m\u00e1s lo respetamos, m\u00e1s nos lo devuelve: salud, bienestar, sostenibilidad. Con Aquamiga queremos contribuir a un cambio profundo en la manera de consumir agua, en casa, en la empresa y en la oficina.<\/p>\n          <\/div>\n  <\/div>\n      <div class=\" col-span-full aspect-square md:col-span-5 lg:col-span-4\">\n      <img loading=\"lazy\" decoding=\"async\" width=\"1418\" height=\"1620\" src=\"https:\/\/aquamiga.com\/app\/uploads\/2025\/12\/osmosis-inversa.webp\" class=\"w-full h-full object-cover rounded-3xl\" alt=\"\" srcset=\"https:\/\/aquamiga.com\/app\/uploads\/2025\/12\/osmosis-inversa.webp 1418w, https:\/\/aquamiga.com\/app\/uploads\/2025\/12\/osmosis-inversa-263x300.webp 263w, https:\/\/aquamiga.com\/app\/uploads\/2025\/12\/osmosis-inversa-896x1024.webp 896w, https:\/\/aquamiga.com\/app\/uploads\/2025\/12\/osmosis-inversa-768x877.webp 768w, https:\/\/aquamiga.com\/app\/uploads\/2025\/12\/osmosis-inversa-1344x1536.webp 1344w\" sizes=\"auto, (max-width: 1418px) 100vw, 1418px\" \/>\n    <\/div>\n  <\/section>\n<section class=\"container-fluid grid-standard gap-y-6 py-6 sm:py-12 md:py-16 lg:py-20\">\n  <div class=\" md:order-last md:items-end  col-span-full flex flex-col md:col-span-7 lg:col-span-8\">\n    <div class=\"max-w-161 flex flex-col gap-6 max-md:items-center max-md:text-center\">\n              <h2 class=\"text-2xl font-medium sm:text-3xl md:text-4xl\">Nuestra misi\u00f3n<\/h2>\n                    <p class=\"text-lg md:text-xl\">Cambiar la manera en que bebemos agua y reducir el pl\u00e1stico de un solo uso. Tan simple como eso. Te ofrecemos una soluci\u00f3n pr\u00e1ctica para tener agua de gran calidad al alcance de todos, sin cargar garrafas, sin generar residuos y sin complicaciones. Agua sin l\u00edmites, sin pl\u00e1sticos y sin impacto negativo.<\/p>\n          <\/div>\n  <\/div>\n      <div class=\" md:order-first  col-span-full aspect-square md:col-span-5 lg:col-span-4\">\n      <img loading=\"lazy\" decoding=\"async\" width=\"1254\" height=\"1254\" src=\"https:\/\/aquamiga.com\/app\/uploads\/2026\/04\/Visio_1.webp\" class=\"w-full h-full object-cover rounded-3xl\" alt=\"\" srcset=\"https:\/\/aquamiga.com\/app\/uploads\/2026\/04\/Visio_1.webp 1254w, https:\/\/aquamiga.com\/app\/uploads\/2026\/04\/Visio_1-300x300.webp 300w, https:\/\/aquamiga.com\/app\/uploads\/2026\/04\/Visio_1-1024x1024.webp 1024w, https:\/\/aquamiga.com\/app\/uploads\/2026\/04\/Visio_1-150x150.webp 150w, https:\/\/aquamiga.com\/app\/uploads\/2026\/04\/Visio_1-768x768.webp 768w\" sizes=\"auto, (max-width: 1254px) 100vw, 1254px\" \/>\n    <\/div>\n  <\/section>\n<section class=\"container-fluid flex flex-col items-center gap-8 py-6 text-center sm:py-12 md:gap-10 md:py-16\">\n      <h3 class=\"text-2xl font-medium md:text-3xl\">Nuestros valores<\/h3>\n  \n      <div class=\"-mx-2 flex w-full flex-wrap justify-center gap-y-12 lg:-mx-4\">\n              <div class=\"flex w-1\/2 flex-col items-center gap-4 px-2 md:w-1\/4 md:gap-3 lg:px-4\">\n                      <img decoding=\"async\" src=\"https:\/\/aquamiga.com\/app\/uploads\/2025\/12\/falta-aigua.svg\" class=\"size-20\" alt=\"\" \/>\n                    <div class=\"flex flex-col gap-1\">\n                          <p class=\"text-lg font-medium md:text-xl\">Calidad<\/p>\n                                      <p class=\"text-base md:text-lg\">Nuestros sistemas cumplen con la certificaci\u00f3n UNE 149101. \u00bfEl resultado? Agua de calidad, ilimitada y segura para cada momento del d\u00eda.<\/p>\n                      <\/div>\n        <\/div>\n              <div class=\"flex w-1\/2 flex-col items-center gap-4 px-2 md:w-1\/4 md:gap-3 lg:px-4\">\n                      <img decoding=\"async\" src=\"https:\/\/aquamiga.com\/app\/uploads\/2025\/12\/sostenibilitat.svg\" class=\"size-20\" alt=\"\" \/>\n                    <div class=\"flex flex-col gap-1\">\n                          <p class=\"text-lg font-medium md:text-xl\">Sostenibilidad<\/p>\n                                      <p class=\"text-base md:text-lg\">Reducimos los pl\u00e1sticos, minimizamos el impacto ambiental y promovemos h\u00e1bitos m\u00e1s responsables.<\/p>\n                      <\/div>\n        <\/div>\n              <div class=\"flex w-1\/2 flex-col items-center gap-4 px-2 md:w-1\/4 md:gap-3 lg:px-4\">\n                      <img decoding=\"async\" src=\"https:\/\/aquamiga.com\/app\/uploads\/2025\/12\/accessibilitat.svg\" class=\"size-20\" alt=\"\" \/>\n                    <div class=\"flex flex-col gap-1\">\n                          <p class=\"text-lg font-medium md:text-xl\">Accesibilidad<\/p>\n                                      <p class=\"text-base md:text-lg\">Todo el mundo deber\u00eda tener acceso a agua saludable y segura. Por eso ofrecemos opciones de compra y alquiler.<\/p>\n                      <\/div>\n        <\/div>\n              <div class=\"flex w-1\/2 flex-col items-center gap-4 px-2 md:w-1\/4 md:gap-3 lg:px-4\">\n                      <img decoding=\"async\" src=\"https:\/\/aquamiga.com\/app\/uploads\/2025\/12\/compromis-social.svg\" class=\"size-20\" alt=\"\" \/>\n                    <div class=\"flex flex-col gap-1\">\n                          <p class=\"text-lg font-medium md:text-xl\">Compromiso social<\/p>\n                                      <p class=\"text-base md:text-lg\">Promovemos un consumo consciente y te acompa\u00f1amos para que el cambio sea f\u00e1cil, real y sostenido en el tiempo.<\/p>\n                      <\/div>\n        <\/div>\n          <\/div>\n  <\/section>\n<section class=\" md:min-h-145  grid-standard 3xl:container-fluid my-10\">\n      <div\n      class=\" order-last rounded-l-3xl md:rounded-l-[40px] max-md:ml-4 items-end  bg-white 3xl:rounded-[40px] 3xl:p-20  justify-center  col-span-full flex flex-col gap-4 px-4 py-12 md:col-span-6 md:p-12 lg:p-16\">\n                        <h2 class=\"w-full text-2xl font-medium md:text-3xl lg:text-4xl\">\u00bfPor qu\u00e9 Aquamiga?<\/h2>\n                            <div class=\"w-full text-lg md:text-xl\"><p>Porque nuestro proyecto nace de la amistad y del deseo de dejar un legado mejor. Somos un equipo que quiere hacer las cosas bien: con responsabilidad, con cercan\u00eda y con sentido com\u00fan. Y sabemos que peque\u00f1os gestos pueden tener un gran impacto.<\/p>\n<\/div>\n          <\/div>\n        <div class=\" order-first rounded-r-3xl md:rounded-r-[40px] max-md:mr-4  max-md:aspect-11\/9 3xl:rounded-[40px] relative col-span-full md:col-span-6\">\n      <img loading=\"lazy\" decoding=\"async\" width=\"1254\" height=\"1254\" src=\"https:\/\/aquamiga.com\/app\/uploads\/2026\/04\/Llegat_1.webp\" class=\"object-cover md:absolute w-full h-full 3xl:rounded-[40px] rounded-r-3xl md:rounded-r-[40px]\" alt=\"\" srcset=\"https:\/\/aquamiga.com\/app\/uploads\/2026\/04\/Llegat_1.webp 1254w, https:\/\/aquamiga.com\/app\/uploads\/2026\/04\/Llegat_1-300x300.webp 300w, https:\/\/aquamiga.com\/app\/uploads\/2026\/04\/Llegat_1-1024x1024.webp 1024w, https:\/\/aquamiga.com\/app\/uploads\/2026\/04\/Llegat_1-150x150.webp 150w, https:\/\/aquamiga.com\/app\/uploads\/2026\/04\/Llegat_1-768x768.webp 768w\" sizes=\"auto, (max-width: 1254px) 100vw, 1254px\" \/>\n    <\/div>\n  <\/section>\n<section class=\"container-fluid py-10 md:py-6\">\n  <div class=\"shadow-card-fosc flex flex-col items-center rounded-3xl bg-white px-4 py-12 text-center sm:py-16 md:gap-6 md:rounded-[40px] md:px-8 md:py-24 lg:py-28\">\n    <div class=\"flex flex-col items-center gap-10\">\n      <div class=\"flex max-w-lg flex-col items-center justify-center gap-6\">\n                  <h2 class=\"text-2xl font-medium sm:text-3xl md:text-4xl\">\u00danete al cambio<\/h2>\n                          <p class=\"text-lg md:text-xl\">Beber agua de calidad y cuidar el planeta no son dos opciones separadas. Con Aquamiga, puedes hacer las dos cosas a la vez.<br \/>\r\n\u00bfTe apuntas?<\/p>\n              <\/div>\n      <div class=\"flex items-center gap-6 max-md:flex-col\">\n                          <div class=\"max-md:order-first\">\n            <a href=\"https:\/\/aquamiga.com\/contacto\/\" target=\"\" class=\"text-white btn-gradient-border-blue transition-all px-4 py-2.5 rounded-full flex items-center justify-center font-medium leading-none text-base\">\n  Descubre c\u00f3mo\n<\/a>\n          <\/div>\n              <\/div>\n    <\/div>\n  <\/div>\n<\/section>\n","protected":false},"excerpt":{"rendered":"","protected":false},"author":1,"featured_media":0,"parent":0,"menu_order":0,"comment_status":"closed","ping_status":"closed","template":"","meta":{"_acf_changed":false,"footnotes":""},"class_list":["post-615","page","type-page","status-publish","hentry"],"acf":[],"yoast_head":"<!-- This site is optimized with the Yoast SEO plugin v27.5 - https:\/\/yoast.com\/product\/yoast-seo-wordpress\/ -->\n<title>Sobre Aquamiga | Aquamiga<\/title>\n<meta name=\"robots\" content=\"index, follow, max-snippet:-1, max-image-preview:large, max-video-preview:-1\" \/>\n<link rel=\"canonical\" href=\"https:\/\/aquamiga.com\/es\/sobre-aquamiga\/\" \/>\n<meta property=\"og:locale\" content=\"es_ES\" \/>\n<meta property=\"og:type\" content=\"article\" \/>\n<meta property=\"og:title\" content=\"Sobre Aquamiga | Aquamiga\" \/>\n<meta property=\"og:url\" content=\"https:\/\/aquamiga.com\/es\/sobre-aquamiga\/\" \/>\n<meta property=\"og:site_name\" content=\"Aquamiga\" \/>\n<meta property=\"article:modified_time\" content=\"2026-04-28T13:03:45+00:00\" \/>\n<meta name=\"twitter:card\" content=\"summary_large_image\" \/>\n<script type=\"application\/ld+json\" class=\"yoast-schema-graph\">{\"@context\":\"https:\\\/\\\/schema.org\",\"@graph\":[{\"@type\":\"WebPage\",\"@id\":\"https:\\\/\\\/aquamiga.com\\\/es\\\/sobre-aquamiga\\\/\",\"url\":\"https:\\\/\\\/aquamiga.com\\\/es\\\/sobre-aquamiga\\\/\",\"name\":\"Sobre Aquamiga | Aquamiga\",\"isPartOf\":{\"@id\":\"https:\\\/\\\/aquamiga.com\\\/es\\\/#website\"},\"datePublished\":\"2025-12-08T19:11:05+00:00\",\"dateModified\":\"2026-04-28T13:03:45+00:00\",\"breadcrumb\":{\"@id\":\"https:\\\/\\\/aquamiga.com\\\/es\\\/sobre-aquamiga\\\/#breadcrumb\"},\"inLanguage\":\"es\",\"potentialAction\":[{\"@type\":\"ReadAction\",\"target\":[\"https:\\\/\\\/aquamiga.com\\\/es\\\/sobre-aquamiga\\\/\"]}]},{\"@type\":\"BreadcrumbList\",\"@id\":\"https:\\\/\\\/aquamiga.com\\\/es\\\/sobre-aquamiga\\\/#breadcrumb\",\"itemListElement\":[{\"@type\":\"ListItem\",\"position\":1,\"name\":\"Inicio\",\"item\":\"https:\\\/\\\/aquamiga.com\\\/es\\\/\"},{\"@type\":\"ListItem\",\"position\":2,\"name\":\"Sobre Aquamiga\"}]},{\"@type\":\"WebSite\",\"@id\":\"https:\\\/\\\/aquamiga.com\\\/es\\\/#website\",\"url\":\"https:\\\/\\\/aquamiga.com\\\/es\\\/\",\"name\":\"Aquamiga\",\"description\":\"Sistema dom\u00e8stic d&#039;osmosi inversa i f\u00e0cil instal\u00b7laci\u00f3\",\"publisher\":{\"@id\":\"https:\\\/\\\/aquamiga.com\\\/es\\\/#organization\"},\"potentialAction\":[{\"@type\":\"SearchAction\",\"target\":{\"@type\":\"EntryPoint\",\"urlTemplate\":\"https:\\\/\\\/aquamiga.com\\\/es\\\/?s={search_term_string}\"},\"query-input\":{\"@type\":\"PropertyValueSpecification\",\"valueRequired\":true,\"valueName\":\"search_term_string\"}}],\"inLanguage\":\"es\"},{\"@type\":\"Organization\",\"@id\":\"https:\\\/\\\/aquamiga.com\\\/es\\\/#organization\",\"name\":\"Aquamiga\",\"url\":\"https:\\\/\\\/aquamiga.com\\\/es\\\/\",\"logo\":{\"@type\":\"ImageObject\",\"inLanguage\":\"es\",\"@id\":\"https:\\\/\\\/aquamiga.com\\\/es\\\/#\\\/schema\\\/logo\\\/image\\\/\",\"url\":\"https:\\\/\\\/aquamiga.com\\\/app\\\/uploads\\\/2025\\\/12\\\/logo.svg\",\"contentUrl\":\"https:\\\/\\\/aquamiga.com\\\/app\\\/uploads\\\/2025\\\/12\\\/logo.svg\",\"width\":1,\"height\":1,\"caption\":\"Aquamiga\"},\"image\":{\"@id\":\"https:\\\/\\\/aquamiga.com\\\/es\\\/#\\\/schema\\\/logo\\\/image\\\/\"}}]}<\/script>\n<!-- \/ Yoast SEO plugin. -->","yoast_head_json":{"title":"Sobre Aquamiga | Aquamiga","robots":{"index":"index","follow":"follow","max-snippet":"max-snippet:-1","max-image-preview":"max-image-preview:large","max-video-preview":"max-video-preview:-1"},"canonical":"https:\/\/aquamiga.com\/es\/sobre-aquamiga\/","og_locale":"es_ES","og_type":"article","og_title":"Sobre Aquamiga | Aquamiga","og_url":"https:\/\/aquamiga.com\/es\/sobre-aquamiga\/","og_site_name":"Aquamiga","article_modified_time":"2026-04-28T13:03:45+00:00","twitter_card":"summary_large_image","schema":{"@context":"https:\/\/schema.org","@graph":[{"@type":"WebPage","@id":"https:\/\/aquamiga.com\/es\/sobre-aquamiga\/","url":"https:\/\/aquamiga.com\/es\/sobre-aquamiga\/","name":"Sobre Aquamiga | Aquamiga","isPartOf":{"@id":"https:\/\/aquamiga.com\/es\/#website"},"datePublished":"2025-12-08T19:11:05+00:00","dateModified":"2026-04-28T13:03:45+00:00","breadcrumb":{"@id":"https:\/\/aquamiga.com\/es\/sobre-aquamiga\/#breadcrumb"},"inLanguage":"es","potentialAction":[{"@type":"ReadAction","target":["https:\/\/aquamiga.com\/es\/sobre-aquamiga\/"]}]},{"@type":"BreadcrumbList","@id":"https:\/\/aquamiga.com\/es\/sobre-aquamiga\/#breadcrumb","itemListElement":[{"@type":"ListItem","position":1,"name":"Inicio","item":"https:\/\/aquamiga.com\/es\/"},{"@type":"ListItem","position":2,"name":"Sobre Aquamiga"}]},{"@type":"WebSite","@id":"https:\/\/aquamiga.com\/es\/#website","url":"https:\/\/aquamiga.com\/es\/","name":"Aquamiga","description":"Sistema dom\u00e8stic d&#039;osmosi inversa i f\u00e0cil instal\u00b7laci\u00f3","publisher":{"@id":"https:\/\/aquamiga.com\/es\/#organization"},"potentialAction":[{"@type":"SearchAction","target":{"@type":"EntryPoint","urlTemplate":"https:\/\/aquamiga.com\/es\/?s={search_term_string}"},"query-input":{"@type":"PropertyValueSpecification","valueRequired":true,"valueName":"search_term_string"}}],"inLanguage":"es"},{"@type":"Organization","@id":"https:\/\/aquamiga.com\/es\/#organization","name":"Aquamiga","url":"https:\/\/aquamiga.com\/es\/","logo":{"@type":"ImageObject","inLanguage":"es","@id":"https:\/\/aquamiga.com\/es\/#\/schema\/logo\/image\/","url":"https:\/\/aquamiga.com\/app\/uploads\/2025\/12\/logo.svg","contentUrl":"https:\/\/aquamiga.com\/app\/uploads\/2025\/12\/logo.svg","width":1,"height":1,"caption":"Aquamiga"},"image":{"@id":"https:\/\/aquamiga.com\/es\/#\/schema\/logo\/image\/"}}]}},"_links":{"self":[{"href":"https:\/\/aquamiga.com\/es\/wp-json\/wp\/v2\/pages\/615","targetHints":{"allow":["GET"]}}],"collection":[{"href":"https:\/\/aquamiga.com\/es\/wp-json\/wp\/v2\/pages"}],"about":[{"href":"https:\/\/aquamiga.com\/es\/wp-json\/wp\/v2\/types\/page"}],"author":[{"embeddable":true,"href":"https:\/\/aquamiga.com\/es\/wp-json\/wp\/v2\/users\/1"}],"replies":[{"embeddable":true,"href":"https:\/\/aquamiga.com\/es\/wp-json\/wp\/v2\/comments?post=615"}],"version-history":[{"count":2,"href":"https:\/\/aquamiga.com\/es\/wp-json\/wp\/v2\/pages\/615\/revisions"}],"predecessor-version":[{"id":877,"href":"https:\/\/aquamiga.com\/es\/wp-json\/wp\/v2\/pages\/615\/revisions\/877"}],"wp:attachment":[{"href":"https:\/\/aquamiga.com\/es\/wp-json\/wp\/v2\/media?parent=615"}],"curies":[{"name":"wp","href":"https:\/\/api.w.org\/{rel}","templated":true}]}}