{"id":875,"date":"2025-12-11T21:49:34","date_gmt":"2025-12-11T21:49:34","guid":{"rendered":"https:\/\/aquamiga.com\/politica-de-cookies\/"},"modified":"2026-04-28T13:02:16","modified_gmt":"2026-04-28T13:02:16","slug":"politica-de-cookies","status":"publish","type":"page","link":"https:\/\/aquamiga.com\/es\/politica-de-cookies\/","title":{"rendered":"Pol\u00edtica de cookies"},"content":{"rendered":"\n<p>En Aquamiga utilizamos cookies propias y de terceros para ofrecerte una mejor experiencia de navegaci\u00f3n, garantizar el correcto funcionamiento de la web y analizar c\u00f3mo interact\u00faan los usuarios con nuestros contenidos.<\/p>\n\n<p>Las cookies son peque\u00f1os archivos que se almacenan en tu dispositivo cuando visitas una p\u00e1gina web. Nos permiten, por ejemplo, recordar tus preferencias o mejorar nuestros servicios en funci\u00f3n del uso que haces del sitio.<\/p>\n\n<h2 class=\"wp-block-heading has-blue-500-color has-text-color has-link-color wp-elements-ae820d56073dcbc5e983b04de1b54f5c\">\u00bfQu\u00e9 tipos de cookies utilizamos?<\/h2>\n\n<p>En esta web utilizamos:<\/p>\n\n<ul class=\"wp-block-list\">\n<li><strong>Cookies necesarias: <\/strong>imprescindibles para el funcionamiento b\u00e1sico de la web.<\/li>\n\n\n\n<li><strong>Cookies de personalizaci\u00f3n<\/strong>: permiten adaptar la experiencia (idioma, preferencias\u2026).<\/li>\n\n\n\n<li>Cookies anal\u00edticas: nos ayudan a entender c\u00f3mo navegan los usuarios para mejorar contenidos y servicios.<\/li>\n\n\n\n<li>Cookies publicitarias: utilizadas para mostrarte contenidos y anuncios m\u00e1s relevantes.<\/li>\n<\/ul>\n\n<h2 class=\"wp-block-heading has-blue-500-color has-text-color has-link-color wp-elements-723888225633b3110ee4ab2a6ca98dda\">Gesti\u00f3n del consentimiento<\/h2>\n\n<p>La gesti\u00f3n de cookies se realiza a trav\u00e9s de Cookiebot, nuestra plataforma de consentimiento, que te permite aceptar, rechazar o configurar las cookies de forma sencilla.<\/p>\n\n<p>Puedes cambiar tu configuraci\u00f3n en cualquier momento desde el enlace de \u201cConfigurar cookies\u201d disponible en el sitio web.<\/p>\n\n<h2 class=\"wp-block-heading has-blue-500-color has-text-color has-link-color wp-elements-e031a32a02720a817dc3165fb375e0d4\">Informaci\u00f3n detallada sobre cookies<\/h2>\n\n<p>El detalle completo y actualizado de las cookies utilizadas (proveedor, finalidad y duraci\u00f3n) se encuentra disponible a trav\u00e9s de Cookiebot, que se actualiza autom\u00e1ticamente.<\/p>\n","protected":false},"excerpt":{"rendered":"","protected":false},"author":1,"featured_media":0,"parent":0,"menu_order":0,"comment_status":"closed","ping_status":"closed","template":"template-legal.blade.php","meta":{"_acf_changed":false,"footnotes":""},"class_list":["post-875","page","type-page","status-publish","hentry"],"acf":[],"yoast_head":"<!-- This site is optimized with the Yoast SEO plugin v27.5 - https:\/\/yoast.com\/product\/yoast-seo-wordpress\/ -->\n<title>Pol\u00edtica de cookies | Aquamiga<\/title>\n<meta name=\"robots\" content=\"index, follow, max-snippet:-1, max-image-preview:large, max-video-preview:-1\" \/>\n<link rel=\"canonical\" href=\"https:\/\/aquamiga.com\/es\/politica-de-cookies\/\" \/>\n<meta property=\"og:locale\" content=\"es_ES\" \/>\n<meta property=\"og:type\" content=\"article\" \/>\n<meta property=\"og:title\" content=\"Pol\u00edtica de cookies | Aquamiga\" \/>\n<meta property=\"og:url\" content=\"https:\/\/aquamiga.com\/es\/politica-de-cookies\/\" \/>\n<meta property=\"og:site_name\" content=\"Aquamiga\" \/>\n<meta property=\"article:modified_time\" content=\"2026-04-28T13:02:16+00:00\" \/>\n<meta name=\"twitter:card\" content=\"summary_large_image\" \/>\n<meta name=\"twitter:label1\" content=\"Tiempo de lectura\" \/>\n\t<meta name=\"twitter:data1\" content=\"1 minuto\" \/>\n<script type=\"application\/ld+json\" class=\"yoast-schema-graph\">{\"@context\":\"https:\\\/\\\/schema.org\",\"@graph\":[{\"@type\":\"WebPage\",\"@id\":\"https:\\\/\\\/aquamiga.com\\\/es\\\/politica-de-cookies\\\/\",\"url\":\"https:\\\/\\\/aquamiga.com\\\/es\\\/politica-de-cookies\\\/\",\"name\":\"Pol\u00edtica de cookies | Aquamiga\",\"isPartOf\":{\"@id\":\"https:\\\/\\\/aquamiga.com\\\/es\\\/#website\"},\"datePublished\":\"2025-12-11T21:49:34+00:00\",\"dateModified\":\"2026-04-28T13:02:16+00:00\",\"breadcrumb\":{\"@id\":\"https:\\\/\\\/aquamiga.com\\\/es\\\/politica-de-cookies\\\/#breadcrumb\"},\"inLanguage\":\"es\",\"potentialAction\":[{\"@type\":\"ReadAction\",\"target\":[\"https:\\\/\\\/aquamiga.com\\\/es\\\/politica-de-cookies\\\/\"]}]},{\"@type\":\"BreadcrumbList\",\"@id\":\"https:\\\/\\\/aquamiga.com\\\/es\\\/politica-de-cookies\\\/#breadcrumb\",\"itemListElement\":[{\"@type\":\"ListItem\",\"position\":1,\"name\":\"Inicio\",\"item\":\"https:\\\/\\\/aquamiga.com\\\/es\\\/\"},{\"@type\":\"ListItem\",\"position\":2,\"name\":\"Pol\u00edtica de cookies\"}]},{\"@type\":\"WebSite\",\"@id\":\"https:\\\/\\\/aquamiga.com\\\/es\\\/#website\",\"url\":\"https:\\\/\\\/aquamiga.com\\\/es\\\/\",\"name\":\"Aquamiga\",\"description\":\"Sistema dom\u00e8stic d&#039;osmosi inversa i f\u00e0cil instal\u00b7laci\u00f3\",\"publisher\":{\"@id\":\"https:\\\/\\\/aquamiga.com\\\/es\\\/#organization\"},\"potentialAction\":[{\"@type\":\"SearchAction\",\"target\":{\"@type\":\"EntryPoint\",\"urlTemplate\":\"https:\\\/\\\/aquamiga.com\\\/es\\\/?s={search_term_string}\"},\"query-input\":{\"@type\":\"PropertyValueSpecification\",\"valueRequired\":true,\"valueName\":\"search_term_string\"}}],\"inLanguage\":\"es\"},{\"@type\":\"Organization\",\"@id\":\"https:\\\/\\\/aquamiga.com\\\/es\\\/#organization\",\"name\":\"Aquamiga\",\"url\":\"https:\\\/\\\/aquamiga.com\\\/es\\\/\",\"logo\":{\"@type\":\"ImageObject\",\"inLanguage\":\"es\",\"@id\":\"https:\\\/\\\/aquamiga.com\\\/es\\\/#\\\/schema\\\/logo\\\/image\\\/\",\"url\":\"https:\\\/\\\/aquamiga.com\\\/app\\\/uploads\\\/2025\\\/12\\\/logo.svg\",\"contentUrl\":\"https:\\\/\\\/aquamiga.com\\\/app\\\/uploads\\\/2025\\\/12\\\/logo.svg\",\"width\":1,\"height\":1,\"caption\":\"Aquamiga\"},\"image\":{\"@id\":\"https:\\\/\\\/aquamiga.com\\\/es\\\/#\\\/schema\\\/logo\\\/image\\\/\"}}]}<\/script>\n<!-- \/ Yoast SEO plugin. -->","yoast_head_json":{"title":"Pol\u00edtica de cookies | Aquamiga","robots":{"index":"index","follow":"follow","max-snippet":"max-snippet:-1","max-image-preview":"max-image-preview:large","max-video-preview":"max-video-preview:-1"},"canonical":"https:\/\/aquamiga.com\/es\/politica-de-cookies\/","og_locale":"es_ES","og_type":"article","og_title":"Pol\u00edtica de cookies | Aquamiga","og_url":"https:\/\/aquamiga.com\/es\/politica-de-cookies\/","og_site_name":"Aquamiga","article_modified_time":"2026-04-28T13:02:16+00:00","twitter_card":"summary_large_image","twitter_misc":{"Tiempo de lectura":"1 minuto"},"schema":{"@context":"https:\/\/schema.org","@graph":[{"@type":"WebPage","@id":"https:\/\/aquamiga.com\/es\/politica-de-cookies\/","url":"https:\/\/aquamiga.com\/es\/politica-de-cookies\/","name":"Pol\u00edtica de cookies | Aquamiga","isPartOf":{"@id":"https:\/\/aquamiga.com\/es\/#website"},"datePublished":"2025-12-11T21:49:34+00:00","dateModified":"2026-04-28T13:02:16+00:00","breadcrumb":{"@id":"https:\/\/aquamiga.com\/es\/politica-de-cookies\/#breadcrumb"},"inLanguage":"es","potentialAction":[{"@type":"ReadAction","target":["https:\/\/aquamiga.com\/es\/politica-de-cookies\/"]}]},{"@type":"BreadcrumbList","@id":"https:\/\/aquamiga.com\/es\/politica-de-cookies\/#breadcrumb","itemListElement":[{"@type":"ListItem","position":1,"name":"Inicio","item":"https:\/\/aquamiga.com\/es\/"},{"@type":"ListItem","position":2,"name":"Pol\u00edtica de cookies"}]},{"@type":"WebSite","@id":"https:\/\/aquamiga.com\/es\/#website","url":"https:\/\/aquamiga.com\/es\/","name":"Aquamiga","description":"Sistema dom\u00e8stic d&#039;osmosi inversa i f\u00e0cil instal\u00b7laci\u00f3","publisher":{"@id":"https:\/\/aquamiga.com\/es\/#organization"},"potentialAction":[{"@type":"SearchAction","target":{"@type":"EntryPoint","urlTemplate":"https:\/\/aquamiga.com\/es\/?s={search_term_string}"},"query-input":{"@type":"PropertyValueSpecification","valueRequired":true,"valueName":"search_term_string"}}],"inLanguage":"es"},{"@type":"Organization","@id":"https:\/\/aquamiga.com\/es\/#organization","name":"Aquamiga","url":"https:\/\/aquamiga.com\/es\/","logo":{"@type":"ImageObject","inLanguage":"es","@id":"https:\/\/aquamiga.com\/es\/#\/schema\/logo\/image\/","url":"https:\/\/aquamiga.com\/app\/uploads\/2025\/12\/logo.svg","contentUrl":"https:\/\/aquamiga.com\/app\/uploads\/2025\/12\/logo.svg","width":1,"height":1,"caption":"Aquamiga"},"image":{"@id":"https:\/\/aquamiga.com\/es\/#\/schema\/logo\/image\/"}}]}},"_links":{"self":[{"href":"https:\/\/aquamiga.com\/es\/wp-json\/wp\/v2\/pages\/875","targetHints":{"allow":["GET"]}}],"collection":[{"href":"https:\/\/aquamiga.com\/es\/wp-json\/wp\/v2\/pages"}],"about":[{"href":"https:\/\/aquamiga.com\/es\/wp-json\/wp\/v2\/types\/page"}],"author":[{"embeddable":true,"href":"https:\/\/aquamiga.com\/es\/wp-json\/wp\/v2\/users\/1"}],"replies":[{"embeddable":true,"href":"https:\/\/aquamiga.com\/es\/wp-json\/wp\/v2\/comments?post=875"}],"version-history":[{"count":1,"href":"https:\/\/aquamiga.com\/es\/wp-json\/wp\/v2\/pages\/875\/revisions"}],"predecessor-version":[{"id":876,"href":"https:\/\/aquamiga.com\/es\/wp-json\/wp\/v2\/pages\/875\/revisions\/876"}],"wp:attachment":[{"href":"https:\/\/aquamiga.com\/es\/wp-json\/wp\/v2\/media?parent=875"}],"curies":[{"name":"wp","href":"https:\/\/api.w.org\/{rel}","templated":true}]}}